{"id":13720,"date":"2024-01-23T20:33:51","date_gmt":"2024-01-23T18:33:51","guid":{"rendered":"http:\/\/smartbuildingexpo.it\/?page_id=13720\/"},"modified":"2024-03-12T14:17:18","modified_gmt":"2024-03-12T12:17:18","slug":"materiali-comunicazione-2","status":"publish","type":"page","link":"https:\/\/www.smartbuildinglevante.it\/it\/materiali-comunicazione-2\/","title":{"rendered":"Materiali di comunicazione"},"content":{"rendered":"<br \/>\n<style>\n     .page-breadcrumb,\n     h1.page-heading {\n         display: none;\n     }\n <\/style>\n<div class=\"container text-center\">\n<h1 style=\"font-size: 40px;  color:#d10c0c\">Promuovi la tua partecipazione in fiera<\/h1>\n<p> Tra i principali obiettivi di ogni espositore che partecipa ad una fiera c&#8217;\u00e8 quello di dare visibilit\u00e0 al proprio brand e incontrare nuovi potenziali clienti.<\/p>\n<p>         Proprio per supportarti in questo, ti mettiamo a disposizione gli strumenti di visibilit\u00e0 gratuiti per far sapere a tutta la tua rete commerciale che parteciperai, sar\u00e0 pi\u00f9 facile farti notare e fissare degli appuntamenti in fiera per tempo.<br \/>\n         <i>Scarica le immagini<\/i>\n     <\/p>\n<\/p><\/div>\n<hr class=\"invisible\">\n<div class=\"container \">\n<div class=\"row\">\n<div class=\"col-md-4\">\n<p> <img decoding=\"async\" src=\" https:\/\/www.smartbuildinglevante.it\/wp-content\/uploads\/2021\/12\/SbLevante-Penta.png\" alt=\"\" class=\"img-responsive center-block\" \/> <a href=\"https:\/\/www.smartbuildinglevante.it\/wp-content\/uploads\/2021\/12\/SbLevante-Penta.png\" target=\"_blank\" rel=\"noopener\"> Marchio manifestazione <\/a>\n             <\/p>\n<\/p><\/div>\n<div class=\"col-md-2\"><\/div>\n<div class=\"col-md-4\"><img decoding=\"async\" src=\"https:\/\/www.smartbuildinglevante.it\/wp-content\/uploads\/2024\/03\/brochureIT.jpg\" alt=\"\" class=\"img-responsive center-block\" \/><\/p>\n<p> <a href=\"https:\/\/www.smartbuildinglevante.it\/wp-content\/uploads\/2024\/03\/Levante-2025-IT.pdf\" target=\"_blank\" rel=\"noopener\"><br \/>\n                     Brochure <\/a><\/p>\n<\/p><\/div><\/div><\/div>\n<hr class=\"invisible\">\n<hr class=\"invisible\">\n<hr class=\"invisible\">\n<hr class=\"invisible\">\n","protected":false},"excerpt":{"rendered":"<p>Promuovi la tua partecipazione in fiera Tra i principali obiettivi di ogni espositore che partecipa ad una fiera c&#8217;\u00e8 quello di dare visibilit\u00e0 al proprio brand e incontrare nuovi potenziali&#8230;<\/p>\n","protected":false},"author":24,"featured_media":0,"parent":0,"menu_order":0,"comment_status":"closed","ping_status":"closed","template":"","meta":{"footnotes":""},"class_list":["post-13720","page","type-page","status-publish"],"yoast_head":"<!-- This site is optimized with the Yoast SEO plugin v27.3 - https:\/\/yoast.com\/product\/yoast-seo-wordpress\/ -->\n<title>Materiali di comunicazione &#8212; Smart Building Levante<\/title>\n<meta name=\"robots\" content=\"index, follow, max-snippet:-1, max-image-preview:large, max-video-preview:-1\" \/>\n<link rel=\"canonical\" href=\"https:\/\/www.smartbuildinglevante.it\/it\/materiali-comunicazione-2\/\" \/>\n<meta property=\"og:locale\" content=\"it_IT\" \/>\n<meta property=\"og:type\" content=\"article\" \/>\n<meta property=\"og:title\" content=\"Materiali di comunicazione &#8212; Smart Building Levante\" \/>\n<meta property=\"og:description\" content=\"Promuovi la tua partecipazione in fiera Tra i principali obiettivi di ogni espositore che partecipa ad una fiera c&#8217;\u00e8 quello di dare visibilit\u00e0 al proprio brand e incontrare nuovi potenziali...\" \/>\n<meta property=\"og:url\" content=\"https:\/\/www.smartbuildinglevante.it\/it\/materiali-comunicazione-2\/\" \/>\n<meta property=\"og:site_name\" content=\"Smart Building Levante\" \/>\n<meta property=\"article:modified_time\" content=\"2024-03-12T12:17:18+00:00\" \/>\n<meta property=\"og:image\" content=\"https:\/\/www.smartbuildinglevante.it\/wp-content\/uploads\/2024\/03\/brochureIT.jpg\" \/>\n<meta name=\"twitter:card\" content=\"summary_large_image\" \/>\n<script type=\"application\/ld+json\" class=\"yoast-schema-graph\">{\"@context\":\"https:\\\/\\\/schema.org\",\"@graph\":[{\"@type\":\"WebPage\",\"@id\":\"https:\\\/\\\/www.smartbuildinglevante.it\\\/it\\\/materiali-comunicazione-2\\\/\",\"url\":\"https:\\\/\\\/www.smartbuildinglevante.it\\\/it\\\/materiali-comunicazione-2\\\/\",\"name\":\"Materiali di comunicazione &#8212; Smart Building Levante\",\"isPartOf\":{\"@id\":\"https:\\\/\\\/www.smartbuildinglevante.it\\\/it\\\/#website\"},\"primaryImageOfPage\":{\"@id\":\"https:\\\/\\\/www.smartbuildinglevante.it\\\/it\\\/materiali-comunicazione-2\\\/#primaryimage\"},\"image\":{\"@id\":\"https:\\\/\\\/www.smartbuildinglevante.it\\\/it\\\/materiali-comunicazione-2\\\/#primaryimage\"},\"thumbnailUrl\":\"https:\\\/\\\/www.smartbuildinglevante.it\\\/wp-content\\\/uploads\\\/2024\\\/03\\\/brochureIT.jpg\",\"datePublished\":\"2024-01-23T18:33:51+00:00\",\"dateModified\":\"2024-03-12T12:17:18+00:00\",\"breadcrumb\":{\"@id\":\"https:\\\/\\\/www.smartbuildinglevante.it\\\/it\\\/materiali-comunicazione-2\\\/#breadcrumb\"},\"inLanguage\":\"it-IT\",\"potentialAction\":[{\"@type\":\"ReadAction\",\"target\":[\"https:\\\/\\\/www.smartbuildinglevante.it\\\/it\\\/materiali-comunicazione-2\\\/\"]}]},{\"@type\":\"ImageObject\",\"inLanguage\":\"it-IT\",\"@id\":\"https:\\\/\\\/www.smartbuildinglevante.it\\\/it\\\/materiali-comunicazione-2\\\/#primaryimage\",\"url\":\"https:\\\/\\\/www.smartbuildinglevante.it\\\/wp-content\\\/uploads\\\/2024\\\/03\\\/brochureIT.jpg\",\"contentUrl\":\"https:\\\/\\\/www.smartbuildinglevante.it\\\/wp-content\\\/uploads\\\/2024\\\/03\\\/brochureIT.jpg\"},{\"@type\":\"BreadcrumbList\",\"@id\":\"https:\\\/\\\/www.smartbuildinglevante.it\\\/it\\\/materiali-comunicazione-2\\\/#breadcrumb\",\"itemListElement\":[{\"@type\":\"ListItem\",\"position\":1,\"name\":\"Home\",\"item\":\"https:\\\/\\\/www.smartbuildinglevante.it\\\/it\\\/\"},{\"@type\":\"ListItem\",\"position\":2,\"name\":\"Materiali di comunicazione\"}]},{\"@type\":\"WebSite\",\"@id\":\"https:\\\/\\\/www.smartbuildinglevante.it\\\/it\\\/#website\",\"url\":\"https:\\\/\\\/www.smartbuildinglevante.it\\\/it\\\/\",\"name\":\"Smart Building Levante\",\"description\":\"FIERA INTERNAZIONALE DELLA TRANSIZIONE ENERGETICA E DIGITALE DEL PATRIMONIO EDILIZIO DEL MEDITERRANEO\",\"publisher\":{\"@id\":\"https:\\\/\\\/www.smartbuildinglevante.it\\\/it\\\/#organization\"},\"potentialAction\":[{\"@type\":\"SearchAction\",\"target\":{\"@type\":\"EntryPoint\",\"urlTemplate\":\"https:\\\/\\\/www.smartbuildinglevante.it\\\/it\\\/?s={search_term_string}\"},\"query-input\":{\"@type\":\"PropertyValueSpecification\",\"valueRequired\":true,\"valueName\":\"search_term_string\"}}],\"inLanguage\":\"it-IT\"},{\"@type\":\"Organization\",\"@id\":\"https:\\\/\\\/www.smartbuildinglevante.it\\\/it\\\/#organization\",\"name\":\"Pentastudio Srl\",\"url\":\"https:\\\/\\\/www.smartbuildinglevante.it\\\/it\\\/\",\"logo\":{\"@type\":\"ImageObject\",\"inLanguage\":\"it-IT\",\"@id\":\"https:\\\/\\\/www.smartbuildinglevante.it\\\/it\\\/#\\\/schema\\\/logo\\\/image\\\/\",\"url\":\"https:\\\/\\\/www.smartbuildinglevante.it\\\/wp-content\\\/uploads\\\/2021\\\/09\\\/pentastudio.png\",\"contentUrl\":\"https:\\\/\\\/www.smartbuildinglevante.it\\\/wp-content\\\/uploads\\\/2021\\\/09\\\/pentastudio.png\",\"width\":400,\"height\":200,\"caption\":\"Pentastudio Srl\"},\"image\":{\"@id\":\"https:\\\/\\\/www.smartbuildinglevante.it\\\/it\\\/#\\\/schema\\\/logo\\\/image\\\/\"}}]}<\/script>\n<!-- \/ Yoast SEO plugin. -->","yoast_head_json":{"title":"Materiali di comunicazione &#8212; Smart Building Levante","robots":{"index":"index","follow":"follow","max-snippet":"max-snippet:-1","max-image-preview":"max-image-preview:large","max-video-preview":"max-video-preview:-1"},"canonical":"https:\/\/www.smartbuildinglevante.it\/it\/materiali-comunicazione-2\/","og_locale":"it_IT","og_type":"article","og_title":"Materiali di comunicazione &#8212; Smart Building Levante","og_description":"Promuovi la tua partecipazione in fiera Tra i principali obiettivi di ogni espositore che partecipa ad una fiera c&#8217;\u00e8 quello di dare visibilit\u00e0 al proprio brand e incontrare nuovi potenziali...","og_url":"https:\/\/www.smartbuildinglevante.it\/it\/materiali-comunicazione-2\/","og_site_name":"Smart Building Levante","article_modified_time":"2024-03-12T12:17:18+00:00","og_image":[{"url":"https:\/\/www.smartbuildinglevante.it\/wp-content\/uploads\/2024\/03\/brochureIT.jpg","type":"","width":"","height":""}],"twitter_card":"summary_large_image","schema":{"@context":"https:\/\/schema.org","@graph":[{"@type":"WebPage","@id":"https:\/\/www.smartbuildinglevante.it\/it\/materiali-comunicazione-2\/","url":"https:\/\/www.smartbuildinglevante.it\/it\/materiali-comunicazione-2\/","name":"Materiali di comunicazione &#8212; Smart Building Levante","isPartOf":{"@id":"https:\/\/www.smartbuildinglevante.it\/it\/#website"},"primaryImageOfPage":{"@id":"https:\/\/www.smartbuildinglevante.it\/it\/materiali-comunicazione-2\/#primaryimage"},"image":{"@id":"https:\/\/www.smartbuildinglevante.it\/it\/materiali-comunicazione-2\/#primaryimage"},"thumbnailUrl":"https:\/\/www.smartbuildinglevante.it\/wp-content\/uploads\/2024\/03\/brochureIT.jpg","datePublished":"2024-01-23T18:33:51+00:00","dateModified":"2024-03-12T12:17:18+00:00","breadcrumb":{"@id":"https:\/\/www.smartbuildinglevante.it\/it\/materiali-comunicazione-2\/#breadcrumb"},"inLanguage":"it-IT","potentialAction":[{"@type":"ReadAction","target":["https:\/\/www.smartbuildinglevante.it\/it\/materiali-comunicazione-2\/"]}]},{"@type":"ImageObject","inLanguage":"it-IT","@id":"https:\/\/www.smartbuildinglevante.it\/it\/materiali-comunicazione-2\/#primaryimage","url":"https:\/\/www.smartbuildinglevante.it\/wp-content\/uploads\/2024\/03\/brochureIT.jpg","contentUrl":"https:\/\/www.smartbuildinglevante.it\/wp-content\/uploads\/2024\/03\/brochureIT.jpg"},{"@type":"BreadcrumbList","@id":"https:\/\/www.smartbuildinglevante.it\/it\/materiali-comunicazione-2\/#breadcrumb","itemListElement":[{"@type":"ListItem","position":1,"name":"Home","item":"https:\/\/www.smartbuildinglevante.it\/it\/"},{"@type":"ListItem","position":2,"name":"Materiali di comunicazione"}]},{"@type":"WebSite","@id":"https:\/\/www.smartbuildinglevante.it\/it\/#website","url":"https:\/\/www.smartbuildinglevante.it\/it\/","name":"Smart Building Levante","description":"FIERA INTERNAZIONALE DELLA TRANSIZIONE ENERGETICA E DIGITALE DEL PATRIMONIO EDILIZIO DEL MEDITERRANEO","publisher":{"@id":"https:\/\/www.smartbuildinglevante.it\/it\/#organization"},"potentialAction":[{"@type":"SearchAction","target":{"@type":"EntryPoint","urlTemplate":"https:\/\/www.smartbuildinglevante.it\/it\/?s={search_term_string}"},"query-input":{"@type":"PropertyValueSpecification","valueRequired":true,"valueName":"search_term_string"}}],"inLanguage":"it-IT"},{"@type":"Organization","@id":"https:\/\/www.smartbuildinglevante.it\/it\/#organization","name":"Pentastudio Srl","url":"https:\/\/www.smartbuildinglevante.it\/it\/","logo":{"@type":"ImageObject","inLanguage":"it-IT","@id":"https:\/\/www.smartbuildinglevante.it\/it\/#\/schema\/logo\/image\/","url":"https:\/\/www.smartbuildinglevante.it\/wp-content\/uploads\/2021\/09\/pentastudio.png","contentUrl":"https:\/\/www.smartbuildinglevante.it\/wp-content\/uploads\/2021\/09\/pentastudio.png","width":400,"height":200,"caption":"Pentastudio Srl"},"image":{"@id":"https:\/\/www.smartbuildinglevante.it\/it\/#\/schema\/logo\/image\/"}}]}},"_links":{"self":[{"href":"https:\/\/www.smartbuildinglevante.it\/it\/wp-json\/wp\/v2\/pages\/13720","targetHints":{"allow":["GET"]}}],"collection":[{"href":"https:\/\/www.smartbuildinglevante.it\/it\/wp-json\/wp\/v2\/pages"}],"about":[{"href":"https:\/\/www.smartbuildinglevante.it\/it\/wp-json\/wp\/v2\/types\/page"}],"author":[{"embeddable":true,"href":"https:\/\/www.smartbuildinglevante.it\/it\/wp-json\/wp\/v2\/users\/24"}],"replies":[{"embeddable":true,"href":"https:\/\/www.smartbuildinglevante.it\/it\/wp-json\/wp\/v2\/comments?post=13720"}],"version-history":[{"count":0,"href":"https:\/\/www.smartbuildinglevante.it\/it\/wp-json\/wp\/v2\/pages\/13720\/revisions"}],"wp:attachment":[{"href":"https:\/\/www.smartbuildinglevante.it\/it\/wp-json\/wp\/v2\/media?parent=13720"}],"curies":[{"name":"wp","href":"https:\/\/api.w.org\/{rel}","templated":true}]}}