{"id":22375,"date":"2024-06-21T11:26:51","date_gmt":"2024-06-21T10:26:51","guid":{"rendered":"https:\/\/www.smartbuildinglevante.it\/?page_id=22375"},"modified":"2024-12-13T14:13:45","modified_gmt":"2024-12-13T13:13:45","slug":"privacy","status":"publish","type":"page","link":"https:\/\/www.smartbuildinglevante.it\/it\/privacy\/","title":{"rendered":"Privacy"},"content":{"rendered":"<h1>Privacy<\/h1>\n<p>&nbsp;<\/p>\n<p>Ai sensi dell\u2019art. 13-14 del Regolamento Europeo 2016\/679 (GDPR) nonch\u00e9 ai sensi del Provvedimento in materia di cookie n. 229 dell\u20198 maggio 2014, si desidera informare i visitatori del sito www.smartbuildiglevante.it circa l\u2019utilizzo dei dati inseriti e dei cookie utilizzati dal sito stesso. In virt\u00f9 della consultazione del sito web possono essere trattati dati personali o comunque associabili all\u2019utente anche tramite l\u2019utilizzo di cookie. La presente ha ad oggetto i siti ed i portali di Smart Building Levante e non riguarda altre pagine web eventualmente consultate tramite link.<\/p>\n<p><strong>Il titolare del trattamento<\/strong><\/p>\n<p>Il titolare del trattamento \u00e8 Pentastudio S.r.l. con sede legale in Contr\u00e0 Pedemuro, San Biagio, 83, Vicenza. Sar\u00e0 possibile contattare il Titolare del trattamento utilizzando i seguenti recapiti:<\/p>\n<ul>\n<li>Tel: 0444 543133<\/li>\n<li>E- mail: info@smartbuildinglevante.it; info@pentastudio.it<\/li>\n<\/ul>\n<p>Nuova Fiera del Levante Spa \u00e8 contitolare del trattamento dei dati.<\/p>\n<p>&nbsp;<\/p>\n<p><strong>Finalit\u00e0, base giuridica del trattamento e tempi di conservazione<\/strong><\/p>\n<table width=\"1517\">\n<thead>\n<tr>\n<td width=\"200\"><strong>Finalit\u00e0 del trattamento<\/strong><\/td>\n<td width=\"200\"><strong>Base giuridica<\/strong><\/td>\n<td width=\"200\"><strong>Tempo di conservazione<\/strong><\/td>\n<\/tr>\n<\/thead>\n<tbody>\n<tr>\n<td width=\"200\">Messa a disposizione delle funzionalit\u00e0 principali del sito web come l&#8217;accesso dell&#8217;utente e la gestione dell&#8217;account (mediante l\u2019impiego dei cookie strettamente necessari)<\/td>\n<td width=\"200\">esecuzione di un contratto di cui l&#8217;interessato \u00e8 parte o all&#8217;esecuzione di misure precontrattuali adottate su richiesta dello stesso<\/td>\n<td width=\"200\">6 mesi<\/td>\n<\/tr>\n<tr>\n<td width=\"200\">Rispondere alle richieste di informazioni relative alle sezioni del sito \u201cEsponi a Smart Building Levante\u201d, \u201cContattaci\u201d<\/td>\n<td width=\"200\">esecuzione di un contratto di cui l&#8217;interessato \u00e8 parte o all&#8217;esecuzione di misure precontrattuali adottate su richiesta dello stesso<\/td>\n<td width=\"200\">I dati acquisiti saranno conservati esclusivamente per il tempo necessario a fornirle riscontro<\/td>\n<\/tr>\n<tr>\n<td width=\"200\">Invio di comunicazioni pubblicitario e promozionali<\/td>\n<td width=\"200\">Consenso<\/td>\n<td width=\"200\">Fino a revoca del consenso<\/td>\n<\/tr>\n<tr>\n<td width=\"200\">Cessione a societ\u00e0 terze per finalit\u00e0 di marketing delle stesse (invio offerte commerciali e comunicazioni pubblicitarie e promozionali)<\/td>\n<td width=\"200\">Consenso<\/td>\n<td width=\"200\">Fino a revoca del consenso<\/td>\n<\/tr>\n<tr>\n<td width=\"200\">varie finalit\u00e0 relative ai cookie non tecnici (si rinvia al banner che compare all\u2019accesso al sito)<\/td>\n<td width=\"200\">Consenso<\/td>\n<td width=\"200\">Fino a revoca del consenso o fino alla scadenza del cookie sul dispositivo che lo accetta<\/td>\n<\/tr>\n<\/tbody>\n<\/table>\n<p>&nbsp;<\/p>\n<p><strong>Obbligo di fornire i dati e possibili conseguenze<\/strong><\/p>\n<p>Il visitatore del sito (interessato) non \u00e8 obbligato a fornire i propri dati personali. Nel caso in cui avanzi una richiesta, la presentazione stessa determina, necessariamente, l\u2019uso di alcuni dati personali. La mancata comunicazione di alcune informazioni personali (tra cui il dato di contatto e le generalit\u00e0) non consentiranno al Titolare di rispondere alle richieste o a fornire prestazioni commerciali dirette.<\/p>\n<p><strong>Destinatari dei dati personali<\/strong><\/p>\n<p>I tuoi Dati Personali potranno essere comunicati a e trattati da persone giuridiche o fisiche che agiscono quali responsabili del trattamento esterni, svolgendo attivit\u00e0 in outsourcing, nominati dal Titolare o dagli stessi responsabili del trattamento, sotto il controllo del Titolare (tra cui soggetti a cui vengano affidate attivit\u00e0 di fornitori di servizi IT, gestori del Sito\/APP, gestori delle piattaforme elettroniche, partner).<\/p>\n<p>I tuoi Dati Personali non saranno comunicati a terzi ad eccezione del caso in cui i tuoi Dati Personali dovessero essere comunicati dal Titolare a consulenti al fine di tutelare i propri diritti, n\u00e9 diffusi.<\/p>\n<p><strong>Trasferimento dati ad un paese terzo o organizzazioni internazionali<\/strong><\/p>\n<p>I Suoi dati non saranno in alcun modo oggetto di trasferimento verso Paesi terzi extra UE od organizzazioni internazionali n\u00e9 verranno salvati su server ubicati in un paese terzo.<\/p>\n<p><strong>Processi decisionali automatizzati<\/strong><\/p>\n<p>Il Titolare non utilizza in alcun modo processi decisionali automatizzati che riguardano i Suoi dati personali.<\/p>\n<p><strong>Diritti dell\u2019interessato e revoca del consenso prestato<\/strong><\/p>\n<p>In qualsiasi momento Lei ha diritto di richiedere al Titolare l\u2019accesso ai Suoi dati, nonch\u00e9 la rettifica o la cancellazione degli stessi. Le verr\u00e0 fornito riscontro entro 30 giorni in forma scritta (salvo Sua specifica richiesta di riscontro orale), anche con mezzi elettronici. Ha inoltre diritto a richiedere la limitazione del trattamento ovvero di opporsi allo stesso. Potr\u00e0 infine richiedere la portabilit\u00e0 dei Suoi dati verso un altro titolare. In qualsiasi momento potr\u00e0 inoltre revocare i consensi prestati in questo sito web. Per revocare uno o pi\u00f9 dei consensi eventualmente prestati sar\u00e0 sufficiente contattare uno dei recapiti sopraindicati.<\/p>\n<p>In qualsiasi momento potr\u00e0 inoltre revocare i consensi prestati nei vari punti del sito in cui sono richiesti, nonch\u00e9 tramite il banner stesso di gestore dei consensi per l\u2019uso dei cookie. Per revocare uno o pi\u00f9 dei consensi prestati sar\u00e0 sufficiente contattare uno dei recapiti indicati al punto riguardanti i dati di contatto del Titolare (par. 2) oppure, per i cookie, utilizzare modificare le impostazioni del banner. All\u2019indirizzo <a href=\"https:\/\/smartbuildingexpo.it\/cookie\">https:\/\/smartbuildinglevante.it\/cookie<\/a> pu\u00f2 trovare ulteriori informazioni per disabilitare i cookie.<\/p>\n<p><strong>Diritto di proporre reclamo all\u2019autorit\u00e0 di controllo<\/strong><\/p>\n<p>Laddove Lei ritenga che i Suoi dati siano stati trattati in modo illegittimo, ha il diritto di rivolgersi all\u2019autorit\u00e0 di controllo per proporre reclamo. In Italia, l\u2019autorit\u00e0 di controllo \u00e8 il \u201cGarante per la protezione dei dati personali\u201d e puoi trovare ogni indicazione al seguente sito: <a href=\"https:\/\/www.garanteprivacy.it\/diritti\/come-agire-per-tutelare-i-tuoi-dati-personali\/reclamo\">https:\/\/www.garanteprivacy.it\/diritti\/come-agire-per-tutelare-i-tuoi-dati-personali\/reclamo<\/a>.<\/p>\n<p>&nbsp;<\/p>\n<p><em>Revisione n. 1 del del 18 gennaio 2024.<\/em><\/p>\n","protected":false},"excerpt":{"rendered":"<p>Privacy &nbsp; Ai sensi dell\u2019art. 13-14 del Regolamento Europeo 2016\/679 (GDPR) nonch\u00e9 ai sensi del Provvedimento in materia di cookie n. 229 dell\u20198 maggio 2014, si desidera informare i visitatori&#8230;<\/p>\n","protected":false},"author":23,"featured_media":0,"parent":0,"menu_order":0,"comment_status":"closed","ping_status":"closed","template":"","meta":{"footnotes":""},"class_list":["post-22375","page","type-page","status-publish"],"yoast_head":"<!-- This site is optimized with the Yoast SEO plugin v27.4 - https:\/\/yoast.com\/product\/yoast-seo-wordpress\/ -->\n<title>Privacy &#8212; Smart Building Levante<\/title>\n<meta name=\"robots\" content=\"index, follow, max-snippet:-1, max-image-preview:large, max-video-preview:-1\" \/>\n<link rel=\"canonical\" href=\"https:\/\/www.smartbuildinglevante.it\/it\/privacy\/\" \/>\n<meta property=\"og:locale\" content=\"it_IT\" \/>\n<meta property=\"og:type\" content=\"article\" \/>\n<meta property=\"og:title\" content=\"Privacy &#8212; Smart Building Levante\" \/>\n<meta property=\"og:description\" content=\"Privacy &nbsp; Ai sensi dell\u2019art. 13-14 del Regolamento Europeo 2016\/679 (GDPR) nonch\u00e9 ai sensi del Provvedimento in materia di cookie n. 229 dell\u20198 maggio 2014, si desidera informare i visitatori...\" \/>\n<meta property=\"og:url\" content=\"https:\/\/www.smartbuildinglevante.it\/it\/privacy\/\" \/>\n<meta property=\"og:site_name\" content=\"Smart Building Levante\" \/>\n<meta property=\"article:modified_time\" content=\"2024-12-13T13:13:45+00:00\" \/>\n<meta property=\"og:image\" content=\"https:\/\/www.smartbuildinglevante.it\/wp-content\/uploads\/2025\/06\/smart-buildingLEVANTE.jpg\" \/>\n\t<meta property=\"og:image:width\" content=\"334\" \/>\n\t<meta property=\"og:image:height\" content=\"144\" \/>\n\t<meta property=\"og:image:type\" content=\"image\/jpeg\" \/>\n<meta name=\"twitter:card\" content=\"summary_large_image\" \/>\n<meta name=\"twitter:label1\" content=\"Tempo di lettura stimato\" \/>\n\t<meta name=\"twitter:data1\" content=\"4 minuti\" \/>\n<script type=\"application\/ld+json\" class=\"yoast-schema-graph\">{\"@context\":\"https:\\\/\\\/schema.org\",\"@graph\":[{\"@type\":\"WebPage\",\"@id\":\"https:\\\/\\\/www.smartbuildinglevante.it\\\/it\\\/privacy\\\/\",\"url\":\"https:\\\/\\\/www.smartbuildinglevante.it\\\/it\\\/privacy\\\/\",\"name\":\"Privacy &#8212; Smart Building Levante\",\"isPartOf\":{\"@id\":\"https:\\\/\\\/www.smartbuildinglevante.it\\\/it\\\/#website\"},\"datePublished\":\"2024-06-21T10:26:51+00:00\",\"dateModified\":\"2024-12-13T13:13:45+00:00\",\"breadcrumb\":{\"@id\":\"https:\\\/\\\/www.smartbuildinglevante.it\\\/it\\\/privacy\\\/#breadcrumb\"},\"inLanguage\":\"it-IT\",\"potentialAction\":[{\"@type\":\"ReadAction\",\"target\":[\"https:\\\/\\\/www.smartbuildinglevante.it\\\/it\\\/privacy\\\/\"]}]},{\"@type\":\"BreadcrumbList\",\"@id\":\"https:\\\/\\\/www.smartbuildinglevante.it\\\/it\\\/privacy\\\/#breadcrumb\",\"itemListElement\":[{\"@type\":\"ListItem\",\"position\":1,\"name\":\"Home\",\"item\":\"https:\\\/\\\/www.smartbuildinglevante.it\\\/it\\\/\"},{\"@type\":\"ListItem\",\"position\":2,\"name\":\"Privacy\"}]},{\"@type\":\"WebSite\",\"@id\":\"https:\\\/\\\/www.smartbuildinglevante.it\\\/it\\\/#website\",\"url\":\"https:\\\/\\\/www.smartbuildinglevante.it\\\/it\\\/\",\"name\":\"Smart Building Levante\",\"description\":\"FIERA INTERNAZIONALE DELLA TRANSIZIONE ENERGETICA E DIGITALE DEL PATRIMONIO EDILIZIO DEL MEDITERRANEO\",\"publisher\":{\"@id\":\"https:\\\/\\\/www.smartbuildinglevante.it\\\/it\\\/#organization\"},\"potentialAction\":[{\"@type\":\"SearchAction\",\"target\":{\"@type\":\"EntryPoint\",\"urlTemplate\":\"https:\\\/\\\/www.smartbuildinglevante.it\\\/it\\\/?s={search_term_string}\"},\"query-input\":{\"@type\":\"PropertyValueSpecification\",\"valueRequired\":true,\"valueName\":\"search_term_string\"}}],\"inLanguage\":\"it-IT\"},{\"@type\":\"Organization\",\"@id\":\"https:\\\/\\\/www.smartbuildinglevante.it\\\/it\\\/#organization\",\"name\":\"Pentastudio Srl\",\"url\":\"https:\\\/\\\/www.smartbuildinglevante.it\\\/it\\\/\",\"logo\":{\"@type\":\"ImageObject\",\"inLanguage\":\"it-IT\",\"@id\":\"https:\\\/\\\/www.smartbuildinglevante.it\\\/it\\\/#\\\/schema\\\/logo\\\/image\\\/\",\"url\":\"https:\\\/\\\/www.smartbuildinglevante.it\\\/wp-content\\\/uploads\\\/2021\\\/09\\\/pentastudio.png\",\"contentUrl\":\"https:\\\/\\\/www.smartbuildinglevante.it\\\/wp-content\\\/uploads\\\/2021\\\/09\\\/pentastudio.png\",\"width\":400,\"height\":200,\"caption\":\"Pentastudio Srl\"},\"image\":{\"@id\":\"https:\\\/\\\/www.smartbuildinglevante.it\\\/it\\\/#\\\/schema\\\/logo\\\/image\\\/\"}}]}<\/script>\n<!-- \/ Yoast SEO plugin. -->","yoast_head_json":{"title":"Privacy &#8212; Smart Building Levante","robots":{"index":"index","follow":"follow","max-snippet":"max-snippet:-1","max-image-preview":"max-image-preview:large","max-video-preview":"max-video-preview:-1"},"canonical":"https:\/\/www.smartbuildinglevante.it\/it\/privacy\/","og_locale":"it_IT","og_type":"article","og_title":"Privacy &#8212; Smart Building Levante","og_description":"Privacy &nbsp; Ai sensi dell\u2019art. 13-14 del Regolamento Europeo 2016\/679 (GDPR) nonch\u00e9 ai sensi del Provvedimento in materia di cookie n. 229 dell\u20198 maggio 2014, si desidera informare i visitatori...","og_url":"https:\/\/www.smartbuildinglevante.it\/it\/privacy\/","og_site_name":"Smart Building Levante","article_modified_time":"2024-12-13T13:13:45+00:00","og_image":[{"width":334,"height":144,"url":"https:\/\/www.smartbuildinglevante.it\/wp-content\/uploads\/2025\/06\/smart-buildingLEVANTE.jpg","type":"image\/jpeg"}],"twitter_card":"summary_large_image","twitter_misc":{"Tempo di lettura stimato":"4 minuti"},"schema":{"@context":"https:\/\/schema.org","@graph":[{"@type":"WebPage","@id":"https:\/\/www.smartbuildinglevante.it\/it\/privacy\/","url":"https:\/\/www.smartbuildinglevante.it\/it\/privacy\/","name":"Privacy &#8212; Smart Building Levante","isPartOf":{"@id":"https:\/\/www.smartbuildinglevante.it\/it\/#website"},"datePublished":"2024-06-21T10:26:51+00:00","dateModified":"2024-12-13T13:13:45+00:00","breadcrumb":{"@id":"https:\/\/www.smartbuildinglevante.it\/it\/privacy\/#breadcrumb"},"inLanguage":"it-IT","potentialAction":[{"@type":"ReadAction","target":["https:\/\/www.smartbuildinglevante.it\/it\/privacy\/"]}]},{"@type":"BreadcrumbList","@id":"https:\/\/www.smartbuildinglevante.it\/it\/privacy\/#breadcrumb","itemListElement":[{"@type":"ListItem","position":1,"name":"Home","item":"https:\/\/www.smartbuildinglevante.it\/it\/"},{"@type":"ListItem","position":2,"name":"Privacy"}]},{"@type":"WebSite","@id":"https:\/\/www.smartbuildinglevante.it\/it\/#website","url":"https:\/\/www.smartbuildinglevante.it\/it\/","name":"Smart Building Levante","description":"FIERA INTERNAZIONALE DELLA TRANSIZIONE ENERGETICA E DIGITALE DEL PATRIMONIO EDILIZIO DEL MEDITERRANEO","publisher":{"@id":"https:\/\/www.smartbuildinglevante.it\/it\/#organization"},"potentialAction":[{"@type":"SearchAction","target":{"@type":"EntryPoint","urlTemplate":"https:\/\/www.smartbuildinglevante.it\/it\/?s={search_term_string}"},"query-input":{"@type":"PropertyValueSpecification","valueRequired":true,"valueName":"search_term_string"}}],"inLanguage":"it-IT"},{"@type":"Organization","@id":"https:\/\/www.smartbuildinglevante.it\/it\/#organization","name":"Pentastudio Srl","url":"https:\/\/www.smartbuildinglevante.it\/it\/","logo":{"@type":"ImageObject","inLanguage":"it-IT","@id":"https:\/\/www.smartbuildinglevante.it\/it\/#\/schema\/logo\/image\/","url":"https:\/\/www.smartbuildinglevante.it\/wp-content\/uploads\/2021\/09\/pentastudio.png","contentUrl":"https:\/\/www.smartbuildinglevante.it\/wp-content\/uploads\/2021\/09\/pentastudio.png","width":400,"height":200,"caption":"Pentastudio Srl"},"image":{"@id":"https:\/\/www.smartbuildinglevante.it\/it\/#\/schema\/logo\/image\/"}}]}},"_links":{"self":[{"href":"https:\/\/www.smartbuildinglevante.it\/it\/wp-json\/wp\/v2\/pages\/22375","targetHints":{"allow":["GET"]}}],"collection":[{"href":"https:\/\/www.smartbuildinglevante.it\/it\/wp-json\/wp\/v2\/pages"}],"about":[{"href":"https:\/\/www.smartbuildinglevante.it\/it\/wp-json\/wp\/v2\/types\/page"}],"author":[{"embeddable":true,"href":"https:\/\/www.smartbuildinglevante.it\/it\/wp-json\/wp\/v2\/users\/23"}],"replies":[{"embeddable":true,"href":"https:\/\/www.smartbuildinglevante.it\/it\/wp-json\/wp\/v2\/comments?post=22375"}],"version-history":[{"count":3,"href":"https:\/\/www.smartbuildinglevante.it\/it\/wp-json\/wp\/v2\/pages\/22375\/revisions"}],"predecessor-version":[{"id":22408,"href":"https:\/\/www.smartbuildinglevante.it\/it\/wp-json\/wp\/v2\/pages\/22375\/revisions\/22408"}],"wp:attachment":[{"href":"https:\/\/www.smartbuildinglevante.it\/it\/wp-json\/wp\/v2\/media?parent=22375"}],"curies":[{"name":"wp","href":"https:\/\/api.w.org\/{rel}","templated":true}]}}